{"id":4598,"date":"2025-08-02T22:06:28","date_gmt":"2025-08-02T22:06:28","guid":{"rendered":"https:\/\/kisuyu.com\/confidentialite\/"},"modified":"2026-04-13T17:34:00","modified_gmt":"2026-04-13T17:34:00","slug":"confidentialite","status":"publish","type":"page","link":"https:\/\/kisuyu.com\/fr\/confidentialite\/","title":{"rendered":"Confidentialit\u00e9"},"content":{"rendered":"\t\t<div data-elementor-type=\"wp-page\" data-elementor-id=\"4598\" class=\"elementor elementor-4598 elementor-3\" data-elementor-settings=\"{&quot;element_pack_global_tooltip_width&quot;:{&quot;unit&quot;:&quot;px&quot;,&quot;size&quot;:&quot;&quot;,&quot;sizes&quot;:[]},&quot;element_pack_global_tooltip_width_tablet&quot;:{&quot;unit&quot;:&quot;px&quot;,&quot;size&quot;:&quot;&quot;,&quot;sizes&quot;:[]},&quot;element_pack_global_tooltip_width_mobile&quot;:{&quot;unit&quot;:&quot;px&quot;,&quot;size&quot;:&quot;&quot;,&quot;sizes&quot;:[]},&quot;element_pack_global_tooltip_padding&quot;:{&quot;unit&quot;:&quot;px&quot;,&quot;top&quot;:&quot;&quot;,&quot;right&quot;:&quot;&quot;,&quot;bottom&quot;:&quot;&quot;,&quot;left&quot;:&quot;&quot;,&quot;isLinked&quot;:true},&quot;element_pack_global_tooltip_padding_tablet&quot;:{&quot;unit&quot;:&quot;px&quot;,&quot;top&quot;:&quot;&quot;,&quot;right&quot;:&quot;&quot;,&quot;bottom&quot;:&quot;&quot;,&quot;left&quot;:&quot;&quot;,&quot;isLinked&quot;:true},&quot;element_pack_global_tooltip_padding_mobile&quot;:{&quot;unit&quot;:&quot;px&quot;,&quot;top&quot;:&quot;&quot;,&quot;right&quot;:&quot;&quot;,&quot;bottom&quot;:&quot;&quot;,&quot;left&quot;:&quot;&quot;,&quot;isLinked&quot;:true},&quot;element_pack_global_tooltip_border_radius&quot;:{&quot;unit&quot;:&quot;px&quot;,&quot;top&quot;:&quot;&quot;,&quot;right&quot;:&quot;&quot;,&quot;bottom&quot;:&quot;&quot;,&quot;left&quot;:&quot;&quot;,&quot;isLinked&quot;:true},&quot;element_pack_global_tooltip_border_radius_tablet&quot;:{&quot;unit&quot;:&quot;px&quot;,&quot;top&quot;:&quot;&quot;,&quot;right&quot;:&quot;&quot;,&quot;bottom&quot;:&quot;&quot;,&quot;left&quot;:&quot;&quot;,&quot;isLinked&quot;:true},&quot;element_pack_global_tooltip_border_radius_mobile&quot;:{&quot;unit&quot;:&quot;px&quot;,&quot;top&quot;:&quot;&quot;,&quot;right&quot;:&quot;&quot;,&quot;bottom&quot;:&quot;&quot;,&quot;left&quot;:&quot;&quot;,&quot;isLinked&quot;:true}}\" data-elementor-post-type=\"page\">\n\t\t\t\t<div class=\"elementor-element elementor-element-7e12cc9b e-flex e-con-boxed e-con e-parent\" data-id=\"7e12cc9b\" data-element_type=\"container\" data-e-type=\"container\">\n\t\t\t\t\t<div class=\"e-con-inner\">\n\t\t\t\t<div class=\"elementor-element elementor-element-2f1e3cfe elementor-widget elementor-widget-text-editor\" data-id=\"2f1e3cfe\" data-element_type=\"widget\" data-e-type=\"widget\" data-widget_type=\"text-editor.default\">\n\t\t\t\t\t\t\t\t\t<p><\/p>\n<p style=\"text-size-adjust: none; text-rendering: optimizespeed; margin: 0px 0px 15px; font-size: 14px; line-height: 1.6em; border: none; background: none; box-shadow: none; color: rgb(10, 28, 46); font-family: Arial, Helvetica, Verdana, Tahoma, sans-serif;\"><span data-redactor-tag=\"strong\" style=\"text-size-adjust: none; font-weight: 600; text-rendering: optimizespeed;\">Politique de Confidentialit\u00e9<\/span><\/p><p style=\"text-size-adjust: none; text-rendering: optimizespeed; margin: 0px 0px 15px; font-size: 14px; line-height: 1.6em; border: none; background: none; box-shadow: none; color: rgb(10, 28, 46); font-family: Arial, Helvetica, Verdana, Tahoma, sans-serif;\">Date d&rsquo;entr\u00e9e en vigueur : 6 Avril 2026<\/p><p style=\"text-size-adjust: none; -webkit-tap-highlight-color: transparent; text-rendering: optimizespeed; margin: 0px 0px 15px; font-size: 14px; line-height: 1.6em; border: none; background: none; box-shadow: none; color: rgb(10, 28, 46); font-family: Arial, Helvetica, Verdana, Tahoma, sans-serif;\">Kisuyu s&rsquo;engage \u00e0 prot\u00e9ger vos donn\u00e9es personnelles et \u00e0 respecter votre vie priv\u00e9e, conform\u00e9ment au R\u00e8glement G\u00e9n\u00e9ral sur la Protection des Donn\u00e9es (RGPD).<\/p><p style=\"text-size-adjust: none; text-rendering: optimizespeed; margin: 0px 0px 15px; font-size: 14px; line-height: 1.6em; border: none; background: none; box-shadow: none; color: rgb(10, 28, 46); font-family: Arial, Helvetica, Verdana, Tahoma, sans-serif;\"><span data-redactor-tag=\"strong\" style=\"text-size-adjust: none; font-weight: 600; text-rendering: optimizespeed;\">1. Responsable du traitement<\/span><\/p><p style=\"text-size-adjust: none; text-rendering: optimizespeed; margin: 0px 0px 15px; font-size: 14px; line-height: 1.6em; border: none; background: none; box-shadow: none; color: rgb(10, 28, 46); font-family: Arial, Helvetica, Verdana, Tahoma, sans-serif;\">Le site&nbsp;<a class=\"underline underline underline-offset-2 decoration-1 decoration-current\/40 hover:decoration-current focus:decoration-current\" href=\"https:\/\/www.kisuyu.com\/\" style=\"text-size-adjust: none; color: rgb(17, 85, 204); transition-behavior: normal; transition-duration: 0.1s; transition-timing-function: linear; transition-property: color; text-decoration-line: underline; cursor: pointer; text-rendering: optimizespeed;\">https:\/\/www.kisuyu.com<\/a>&nbsp;est exploit\u00e9 par :<\/p><p style=\"text-size-adjust: none; text-rendering: optimizespeed; margin: 0px 0px 15px; font-size: 14px; line-height: 1.6em; border: none; background: none; box-shadow: none; color: rgb(10, 28, 46); font-family: Arial, Helvetica, Verdana, Tahoma, sans-serif;\">WABI-SABI<\/p><p style=\"text-size-adjust: none; text-rendering: optimizespeed; margin: 0px 0px 15px; font-size: 14px; line-height: 1.6em; border: none; background: none; box-shadow: none; color: rgb(10, 28, 46); font-family: Arial, Helvetica, Verdana, Tahoma, sans-serif;\">324 rue Garibaldi, 69007 Lyon, France<\/p><p style=\"text-size-adjust: none; text-rendering: optimizespeed; margin: 0px 0px 15px; font-size: 14px; line-height: 1.6em; border: none; background: none; box-shadow: none; color: rgb(10, 28, 46); font-family: Arial, Helvetica, Verdana, Tahoma, sans-serif;\">Email:&nbsp;<a class=\"underline underline underline-offset-2 decoration-1 decoration-current\/40 hover:decoration-current focus:decoration-current\" href=\"mailto:info@kisuyu.com\" style=\"text-size-adjust: none; color: rgb(17, 85, 204); transition-behavior: normal; transition-duration: 0.1s; transition-timing-function: linear; transition-property: color; text-decoration-line: underline; cursor: pointer; text-rendering: optimizespeed;\">info@kisuyu.com<\/a><\/p><p style=\"text-size-adjust: none; text-rendering: optimizespeed; margin: 0px 0px 15px; font-size: 14px; line-height: 1.6em; border: none; background: none; box-shadow: none; color: rgb(10, 28, 46); font-family: Arial, Helvetica, Verdana, Tahoma, sans-serif;\">SIRET : 892 867 888 00026<\/p><p style=\"text-size-adjust: none; text-rendering: optimizespeed; margin: 0px 0px 15px; font-size: 14px; line-height: 1.6em; border: none; background: none; box-shadow: none; color: rgb(10, 28, 46); font-family: Arial, Helvetica, Verdana, Tahoma, sans-serif;\"><span data-redactor-tag=\"strong\" style=\"text-size-adjust: none; font-weight: 600; text-rendering: optimizespeed;\">2. Donn\u00e9es personnelles collect\u00e9es<\/span><\/p><p style=\"text-size-adjust: none; text-rendering: optimizespeed; margin: 0px 0px 15px; font-size: 14px; line-height: 1.6em; border: none; background: none; box-shadow: none; color: rgb(10, 28, 46); font-family: Arial, Helvetica, Verdana, Tahoma, sans-serif;\">Nous pouvons collecter les donn\u00e9es personnelles suivantes lorsque vous utilisez notre site ou nous contactez :<\/p><ul style=\"text-size-adjust: none; text-rendering: optimizespeed; font-size: 14px; line-height: 1.6em; margin: 0px 0px 15px; border-width: initial; border-style: none; background-image: none; box-shadow: none; padding-left: 2em; color: rgb(10, 28, 46); font-family: Arial, Helvetica, Verdana, Tahoma, sans-serif;\"><li style=\"text-size-adjust: none; margin-bottom: 15px; text-rendering: optimizespeed;\">Nom et pr\u00e9nom<\/li><li style=\"text-size-adjust: none; margin-bottom: 15px; text-rendering: optimizespeed;\">Adresse e-mail<\/li><li style=\"text-size-adjust: none; margin-bottom: 15px; text-rendering: optimizespeed;\">Adresse postale<\/li><li style=\"text-size-adjust: none; margin-bottom: 15px; text-rendering: optimizespeed;\">Num\u00e9ro de t\u00e9l\u00e9phone<\/li><li style=\"text-size-adjust: none; margin-bottom: 15px; text-rendering: optimizespeed;\">Informations de commande et de paiement (trait\u00e9es via des prestataires tiers s\u00e9curis\u00e9s)<\/li><li style=\"text-size-adjust: none; margin-bottom: 15px; text-rendering: optimizespeed;\">Toute information que vous fournissez volontairement via les formulaires de contact ou par e-mail<\/li><\/ul><p style=\"text-size-adjust: none; text-rendering: optimizespeed; margin: 0px 0px 15px; font-size: 14px; line-height: 1.6em; border: none; background: none; box-shadow: none; color: rgb(10, 28, 46); font-family: Arial, Helvetica, Verdana, Tahoma, sans-serif;\">Nous ne collectons aucune donn\u00e9e inutile ou excessive.<\/p><p style=\"text-size-adjust: none; text-rendering: optimizespeed; margin: 0px 0px 15px; font-size: 14px; line-height: 1.6em; border: none; background: none; box-shadow: none; color: rgb(10, 28, 46); font-family: Arial, Helvetica, Verdana, Tahoma, sans-serif;\"><span data-redactor-tag=\"strong\" style=\"text-size-adjust: none; font-weight: 600; text-rendering: optimizespeed;\">3. Finalit\u00e9s du traitement<\/span><\/p><p style=\"text-size-adjust: none; text-rendering: optimizespeed; margin: 0px 0px 15px; font-size: 14px; line-height: 1.6em; border: none; background: none; box-shadow: none; color: rgb(10, 28, 46); font-family: Arial, Helvetica, Verdana, Tahoma, sans-serif;\">Vos donn\u00e9es personnelles sont collect\u00e9es et utilis\u00e9es uniquement pour les finalit\u00e9s suivantes :<\/p><ul style=\"text-size-adjust: none; text-rendering: optimizespeed; font-size: 14px; line-height: 1.6em; margin: 0px 0px 15px; border-width: initial; border-style: none; background-image: none; box-shadow: none; padding-left: 2em; color: rgb(10, 28, 46); font-family: Arial, Helvetica, Verdana, Tahoma, sans-serif;\"><li style=\"text-size-adjust: none; margin-bottom: 15px; text-rendering: optimizespeed;\">Traitement et livraison des commandes<\/li><li style=\"text-size-adjust: none; margin-bottom: 15px; text-rendering: optimizespeed;\">Gestion des demandes et communications clients<\/li><li style=\"text-size-adjust: none; margin-bottom: 15px; text-rendering: optimizespeed;\">Fourniture du service client<\/li><li style=\"text-size-adjust: none; margin-bottom: 15px; text-rendering: optimizespeed;\">Respect des obligations l\u00e9gales et comptables<\/li><\/ul><p style=\"text-size-adjust: none; text-rendering: optimizespeed; margin: 0px 0px 15px; font-size: 14px; line-height: 1.6em; border: none; background: none; box-shadow: none; color: rgb(10, 28, 46); font-family: Arial, Helvetica, Verdana, Tahoma, sans-serif;\">Vos donn\u00e9es ne sont jamais utilis\u00e9es \u00e0 des fins de marketing non sollicit\u00e9.<\/p><p style=\"text-size-adjust: none; text-rendering: optimizespeed; margin: 0px 0px 15px; font-size: 14px; line-height: 1.6em; border: none; background: none; box-shadow: none; color: rgb(10, 28, 46); font-family: Arial, Helvetica, Verdana, Tahoma, sans-serif;\"><span data-redactor-tag=\"strong\" style=\"text-size-adjust: none; font-weight: 600; text-rendering: optimizespeed;\">4. Partage des donn\u00e9es<\/span><\/p><p style=\"text-size-adjust: none; text-rendering: optimizespeed; margin: 0px 0px 15px; font-size: 14px; line-height: 1.6em; border: none; background: none; box-shadow: none; color: rgb(10, 28, 46); font-family: Arial, Helvetica, Verdana, Tahoma, sans-serif;\">Vos donn\u00e9es personnelles peuvent \u00eatre partag\u00e9es uniquement avec des tiers de confiance, strictement n\u00e9cessaires pour :<\/p><ul style=\"text-size-adjust: none; text-rendering: optimizespeed; font-size: 14px; line-height: 1.6em; margin: 0px 0px 15px; border-width: initial; border-style: none; background-image: none; box-shadow: none; padding-left: 2em; color: rgb(10, 28, 46); font-family: Arial, Helvetica, Verdana, Tahoma, sans-serif;\"><li style=\"text-size-adjust: none; margin-bottom: 15px; text-rendering: optimizespeed;\">Le traitement des paiements<\/li><li style=\"text-size-adjust: none; margin-bottom: 15px; text-rendering: optimizespeed;\">L&rsquo;ex\u00e9cution et l&rsquo;exp\u00e9dition des commandes<\/li><li style=\"text-size-adjust: none; margin-bottom: 15px; text-rendering: optimizespeed;\">La conformit\u00e9 l\u00e9gale ou r\u00e9glementaire<\/li><\/ul><p style=\"text-size-adjust: none; text-rendering: optimizespeed; margin: 0px 0px 15px; font-size: 14px; line-height: 1.6em; border: none; background: none; box-shadow: none; color: rgb(10, 28, 46); font-family: Arial, Helvetica, Verdana, Tahoma, sans-serif;\">Nous ne vendons, ne louons ni n&rsquo;\u00e9changeons vos donn\u00e9es personnelles.<\/p><p style=\"text-size-adjust: none; text-rendering: optimizespeed; margin: 0px 0px 15px; font-size: 14px; line-height: 1.6em; border: none; background: none; box-shadow: none; color: rgb(10, 28, 46); font-family: Arial, Helvetica, Verdana, Tahoma, sans-serif;\"><span data-redactor-tag=\"strong\" style=\"text-size-adjust: none; font-weight: 600; text-rendering: optimizespeed;\">5. Conservation des donn\u00e9es<\/span><\/p><p style=\"text-size-adjust: none; text-rendering: optimizespeed; margin: 0px 0px 15px; font-size: 14px; line-height: 1.6em; border: none; background: none; box-shadow: none; color: rgb(10, 28, 46); font-family: Arial, Helvetica, Verdana, Tahoma, sans-serif;\">Les donn\u00e9es personnelles sont conserv\u00e9es uniquement le temps n\u00e9cessaire \u00e0 l&rsquo;accomplissement des finalit\u00e9s d\u00e9crites ci-dessus, ou conform\u00e9ment aux exigences l\u00e9gales applicables.<\/p><p style=\"text-size-adjust: none; text-rendering: optimizespeed; margin: 0px 0px 15px; font-size: 14px; line-height: 1.6em; border: none; background: none; box-shadow: none; color: rgb(10, 28, 46); font-family: Arial, Helvetica, Verdana, Tahoma, sans-serif;\"><span data-redactor-tag=\"strong\" style=\"text-size-adjust: none; font-weight: 600; text-rendering: optimizespeed;\">6. S\u00e9curit\u00e9 des donn\u00e9es<\/span><\/p><p style=\"text-size-adjust: none; text-rendering: optimizespeed; margin: 0px 0px 15px; font-size: 14px; line-height: 1.6em; border: none; background: none; box-shadow: none; color: rgb(10, 28, 46); font-family: Arial, Helvetica, Verdana, Tahoma, sans-serif;\">Nous mettons en \u0153uvre des mesures techniques et organisationnelles appropri\u00e9es pour prot\u00e9ger vos donn\u00e9es personnelles contre tout acc\u00e8s non autoris\u00e9, perte ou utilisation abusive.<\/p><p style=\"text-size-adjust: none; text-rendering: optimizespeed; margin: 0px 0px 15px; font-size: 14px; line-height: 1.6em; border: none; background: none; box-shadow: none; color: rgb(10, 28, 46); font-family: Arial, Helvetica, Verdana, Tahoma, sans-serif;\"><span data-redactor-tag=\"strong\" style=\"text-size-adjust: none; font-weight: 600; text-rendering: optimizespeed;\">7. Vos droits<\/span><\/p><p style=\"text-size-adjust: none; text-rendering: optimizespeed; margin: 0px 0px 15px; font-size: 14px; line-height: 1.6em; border: none; background: none; box-shadow: none; color: rgb(10, 28, 46); font-family: Arial, Helvetica, Verdana, Tahoma, sans-serif;\">Conform\u00e9ment au RGPD, vous disposez du droit de :<\/p><ul style=\"text-size-adjust: none; text-rendering: optimizespeed; font-size: 14px; line-height: 1.6em; margin: 0px 0px 15px; border-width: initial; border-style: none; background-image: none; box-shadow: none; padding-left: 2em; color: rgb(10, 28, 46); font-family: Arial, Helvetica, Verdana, Tahoma, sans-serif;\"><li style=\"text-size-adjust: none; margin-bottom: 15px; text-rendering: optimizespeed;\">Acc\u00e9der \u00e0 vos donn\u00e9es personnelles<\/li><li style=\"text-size-adjust: none; margin-bottom: 15px; text-rendering: optimizespeed;\">Demander leur correction ou suppression<\/li><li style=\"text-size-adjust: none; margin-bottom: 15px; text-rendering: optimizespeed;\">Vous opposer au traitement ou en demander la limitation<\/li><li style=\"text-size-adjust: none; margin-bottom: 15px; text-rendering: optimizespeed;\">Demander la portabilit\u00e9 de vos donn\u00e9es<\/li><\/ul><p style=\"text-size-adjust: none; text-rendering: optimizespeed; margin: 0px 0px 15px; font-size: 14px; line-height: 1.6em; border: none; background: none; box-shadow: none; color: rgb(10, 28, 46); font-family: Arial, Helvetica, Verdana, Tahoma, sans-serif;\">Pour exercer ces droits, veuillez nous contacter \u00e0 :&nbsp;<a class=\"underline underline underline-offset-2 decoration-1 decoration-current\/40 hover:decoration-current focus:decoration-current\" href=\"mailto:info@kisuyu.com\" style=\"text-size-adjust: none; color: rgb(17, 85, 204); transition-behavior: normal; transition-duration: 0.1s; transition-timing-function: linear; transition-property: color; text-decoration-line: underline; cursor: pointer; text-rendering: optimizespeed;\">info@kisuyu.com<\/a><\/p><p style=\"text-size-adjust: none; text-rendering: optimizespeed; margin: 0px 0px 15px; font-size: 14px; line-height: 1.6em; border: none; background: none; box-shadow: none; color: rgb(10, 28, 46); font-family: Arial, Helvetica, Verdana, Tahoma, sans-serif;\"><span data-redactor-tag=\"strong\" style=\"text-size-adjust: none; font-weight: 600; text-rendering: optimizespeed;\">8. Cookies<\/span><\/p><p style=\"text-size-adjust: none; text-rendering: optimizespeed; margin: 0px 0px 15px; font-size: 14px; line-height: 1.6em; border: none; background: none; box-shadow: none; color: rgb(10, 28, 46); font-family: Arial, Helvetica, Verdana, Tahoma, sans-serif;\">Ce site peut utiliser des cookies strictement n\u00e9cessaires \u00e0 son bon fonctionnement et \u00e0 l&rsquo;analyse de ses performances. Vous pouvez g\u00e9rer ou d\u00e9sactiver les cookies via les param\u00e8tres de votre navigateur. <\/p><p style=\"text-size-adjust: none; text-rendering: optimizespeed; margin: 0px 0px 15px; font-size: 14px; line-height: 1.6em; border: none; background: none; box-shadow: none; color: rgb(10, 28, 46); font-family: Arial, Helvetica, Verdana, Tahoma, sans-serif;\"><span data-redactor-tag=\"strong\" style=\"text-size-adjust: none; font-weight: 600; text-rendering: optimizespeed;\">9. Modifications de cette politique<\/span><\/p><p style=\"text-size-adjust: none; text-rendering: optimizespeed; margin: 0px 0px 15px; font-size: 14px; line-height: 1.6em; border: none; background: none; box-shadow: none; color: rgb(10, 28, 46); font-family: Arial, Helvetica, Verdana, Tahoma, sans-serif;\">Cette politique de confidentialit\u00e9 peut \u00eatre mise \u00e0 jour \u00e0 tout moment pour refl\u00e9ter des changements l\u00e9gaux ou op\u00e9rationnels. La version applicable est celle publi\u00e9e sur ce site. <\/p>\t\t\t\t\t\t\t\t<\/div>\n\t\t\t\t\t<\/div>\n\t\t\t\t<\/div>\n\t\t\t\t<\/div>\n\t\t","protected":false},"excerpt":{"rendered":"<p>Politique de Confidentialit\u00e9 Date d&rsquo;entr\u00e9e en vigueur : 6 Avril 2026 Kisuyu s&rsquo;engage \u00e0 prot\u00e9ger vos donn\u00e9es personnelles et \u00e0 respecter votre vie priv\u00e9e, conform\u00e9ment au R\u00e8glement G\u00e9n\u00e9ral sur la Protection des Donn\u00e9es (RGPD). 1. Responsable du traitement Le site&nbsp;https:\/\/www.kisuyu.com&nbsp;est exploit\u00e9 par : WABI-SABI 324 rue Garibaldi, 69007 Lyon, France Email:&nbsp;info@kisuyu.com SIRET : 892 867 [&hellip;]<\/p>\n","protected":false},"author":1,"featured_media":0,"parent":0,"menu_order":0,"comment_status":"closed","ping_status":"closed","template":"","meta":{"footnotes":""},"class_list":["post-4598","page","type-page","status-publish","hentry"],"_hostinger_reach_plugin_has_subscription_block":false,"_hostinger_reach_plugin_is_elementor":false,"_links":{"self":[{"href":"https:\/\/kisuyu.com\/fr\/wp-json\/wp\/v2\/pages\/4598","targetHints":{"allow":["GET"]}}],"collection":[{"href":"https:\/\/kisuyu.com\/fr\/wp-json\/wp\/v2\/pages"}],"about":[{"href":"https:\/\/kisuyu.com\/fr\/wp-json\/wp\/v2\/types\/page"}],"author":[{"embeddable":true,"href":"https:\/\/kisuyu.com\/fr\/wp-json\/wp\/v2\/users\/1"}],"replies":[{"embeddable":true,"href":"https:\/\/kisuyu.com\/fr\/wp-json\/wp\/v2\/comments?post=4598"}],"version-history":[{"count":3,"href":"https:\/\/kisuyu.com\/fr\/wp-json\/wp\/v2\/pages\/4598\/revisions"}],"predecessor-version":[{"id":4601,"href":"https:\/\/kisuyu.com\/fr\/wp-json\/wp\/v2\/pages\/4598\/revisions\/4601"}],"wp:attachment":[{"href":"https:\/\/kisuyu.com\/fr\/wp-json\/wp\/v2\/media?parent=4598"}],"curies":[{"name":"wp","href":"https:\/\/api.w.org\/{rel}","templated":true}]}}